{"id":352,"date":"2022-09-07T16:13:33","date_gmt":"2022-09-07T14:13:33","guid":{"rendered":"https:\/\/fpss.monsiteweb.lacsq.org\/?page_id=352"},"modified":"2024-01-08T16:24:19","modified_gmt":"2024-01-08T15:24:19","slug":"links","status":"publish","type":"page","link":"https:\/\/fpss.lacsq.org\/en\/professional-affairs\/links\/","title":{"rendered":"Links"},"content":{"rendered":"","protected":false},"excerpt":{"rendered":"","protected":false},"author":98,"featured_media":0,"parent":348,"menu_order":4,"comment_status":"closed","ping_status":"closed","template":"","meta":{"_acf_changed":false,"footnotes":""},"class_list":["post-352","page","type-page","status-publish","hentry"],"acf":{"afficher_hero":false,"image":null,"image_tablette":null,"image_mobile":null,"is_redirected_target_page":false,"target_page":null,"contenu_flexible":[{"acf_fc_layout":"1_colonne","texte":"The Federation is not responsible for the content of external sites for which it provides links.\r\n\r\n<strong>Affiliations<\/strong>\r\n<ul>\r\n \t<li><a href=\"http:\/\/aenq.org\/\" target=\"_blank\" rel=\"noopener\">Association des employ\u00e9s du Nord qu\u00e9b\u00e9cois (AENQ)<\/a><\/li>\r\n \t<li><a href=\"http:\/\/areq.qc.net\/\" target=\"_blank\" rel=\"noopener\">Association des retrait\u00e9es et retrait\u00e9s de l'\u00e9ducation et des autres services publics du Qu\u00e9bec (AREQ-CSQ)<\/a><\/li>\r\n \t<li><a href=\"http:\/\/www.csq.qc.net\/\" target=\"_blank\" rel=\"noopener\">Centrale des syndicats du Qu\u00e9bec (CSQ)<\/a><\/li>\r\n \t<li><a href=\"http:\/\/www.synd-champlain.qc.ca\/\" target=\"_blank\" rel=\"noopener\">Syndicat de Champlain (CSQ)<\/a><\/li>\r\n \t<li><a href=\"http:\/\/sres.csq.qc.net\/\" target=\"_blank\" rel=\"noopener\">Syndicat r\u00e9gional des employ\u00e9s de soutien (CSQ)<\/a><\/li>\r\n \t<li><a href=\"http:\/\/www.steeq.csq.qc.net\/\" target=\"_blank\" rel=\"noopener\">Syndicat des travailleurs de l'\u00e9ducation de l'Est du Qu\u00e9bec (STEEQ-CSQ)<\/a><\/li>\r\n \t<li><a href=\"http:\/\/www.sless.ca\/\" target=\"_blank\" rel=\"noopener\">Syndicat lavallois des employ\u00e9s de soutien scolaire (SLESS-CSQ)<\/a><\/li>\r\n \t<li><a href=\"http:\/\/www.sesm.csq.qc.net\/\" target=\"_blank\" rel=\"noopener\">Syndicat des employ\u00e9s de soutien de la Mauricie (CSQ)<\/a><\/li>\r\n \t<li><a href=\"http:\/\/www.ssso.csq.qc.net\/\" target=\"_blank\" rel=\"noopener\">Syndicat du soutien scolaire de l'Outaouais (CSQ)<\/a><\/li>\r\n \t<li><a href=\"http:\/\/ssepi.csq.qc.net\/\" target=\"_blank\" rel=\"noopener\">Syndicat du personnel de soutien en \u00e9ducation de la Pointe-de-l'\u00eele (CSQ) (SSEPI)<\/a><\/li>\r\n \t<li><a href=\"http:\/\/www.ssslr.csq.qc.net\/\" target=\"_blank\" rel=\"noopener\">Syndicat du soutien scolaire de la Riveraine (CSQ)<\/a><\/li>\r\n \t<li><a href=\"http:\/\/www.spsern.csq.qc.net\/\" target=\"_blank\" rel=\"noopener\">Syndicat du personnel de soutien en \u00e9ducation de la Rivi\u00e8re-du-Nord (CSQ)<\/a><\/li>\r\n \t<li><a href=\"http:\/\/spta.csq.qc.net\/accueil\/index.html\" target=\"_blank\" rel=\"noopener\">Syndicat du personnel technique et administratif de la C.S.R.S. (CSQ)<\/a><\/li>\r\n \t<li><a href=\"http:\/\/www.spstl.csq.qc.net\/\" target=\"_blank\" rel=\"noopener\">Syndicat du personnel de soutien des Trois-Lacs (CSQ)<\/a><\/li>\r\n \t<li>Syndicat du personnel de soutien scolaire de Jonqui\u00e8re (site en construction)<\/li>\r\n \t<li><a href=\"http:\/\/www.spss.lacsq.org\/\" target=\"_blank\" rel=\"noopener\">Syndicat du personnel de soutien scolaire de la Commission scolaire de la Beauce-Etchemin<\/a><\/li>\r\n \t<li><a href=\"http:\/\/www.syndicatsoutien.com\/\" target=\"_blank\" rel=\"noopener\">Syndicat du personnel de soutien de la Commission scolaire des Premi\u00e8res-Seigneuries<\/a><\/li>\r\n \t<li>Eastern Shores Union Support Staff (site en construction)<\/li>\r\n \t<li><a href=\"https:\/\/trussunion.wordpress.com\/\" target=\"_blank\" rel=\"noopener\">Townships Regional Union Support Staff<\/a><\/li>\r\n \t<li>Syndicat des employ\u00e9es et employ\u00e9s manuels du soutien scolaire de Sherbrooke (site en construction)<\/li>\r\n<\/ul>\r\n<strong>Condition des femmes<\/strong>\r\n<ul>\r\n \t<li><a href=\"http:\/\/www.cdeacf.ca\/\" target=\"_blank\" rel=\"noopener\">Centre de documentation sur l'\u00e9ducation des adultes et la condition f\u00e9minine<\/a><\/li>\r\n \t<li><a href=\"http:\/\/www.cwhn.ca\/fr\/node\/41528\" target=\"_blank\" rel=\"noopener\">Coalition pour les droits des femmes en situation de conflits<\/a><\/li>\r\n \t<li><a href=\"http:\/\/www.swc-cfc.gc.ca\/index-fr.html\" target=\"_blank\" rel=\"noopener\">Condition f\u00e9minine Canada<\/a><\/li>\r\n \t<li><a href=\"http:\/\/www.ciaft.qc.ca\/\" target=\"_blank\" rel=\"noopener\">Conseil d'intervention pour l'acc\u00e8s des femmes au travail<\/a><\/li>\r\n \t<li><a href=\"https:\/\/www.csf.gouv.qc.ca\/\" target=\"_blank\" rel=\"noopener\">Conseil du statut de la femme Qu\u00e9bec<\/a><\/li>\r\n \t<li><a href=\"http:\/\/www.cybersolidaires.org\/\" target=\"_blank\" rel=\"noopener\">Cybersolidaires.org<\/a>\u00a0(n\u00e9cessite un identifiant et un mot de passe)<\/li>\r\n \t<li><a href=\"http:\/\/www.fafmrq.org\/\" target=\"_blank\" rel=\"noopener\">F\u00e9d\u00e9ration des associations de familles monoparentales et recompos\u00e9es du Qu\u00e9bec<\/a><\/li>\r\n \t<li><a href=\"http:\/\/www.ffq.qc.ca\/\" target=\"_blank\" rel=\"noopener\">FFQ (F\u00e9d\u00e9ration des femmes du Qu\u00e9bec)<\/a><\/li>\r\n \t<li><a href=\"http:\/\/www.rcentres.qc.ca\/index.html\" target=\"_blank\" rel=\"noopener\">IR des centres de femmes du Qu\u00e9bec<\/a><\/li>\r\n \t<li><a href=\"http:\/\/www.invisiblequifaitmal.uqam.ca\/\" target=\"_blank\" rel=\"noopener\">L'invisible qui fait mal<\/a>\r\nPartenariat de recherche UQAM-CSN-CSQ-FTQ sur la sant\u00e9 des travailleuses<\/li>\r\n \t<li><a href=\"http:\/\/laruedesfemmes.org\/\" target=\"_blank\" rel=\"noopener\">La rue des femmes<\/a>\r\nOrganisme communautaire engag\u00e9 par sa mission \u00e0 venir en aide aux femmes<\/li>\r\n \t<li><a href=\"http:\/\/www.reseautablesfemmes.qc.ca\/\" target=\"_blank\" rel=\"noopener\">R\u00e9seau des tables r\u00e9gionales de groupes de femmes du Qu\u00e9bec<\/a><\/li>\r\n \t<li><a href=\"http:\/\/www.scf.gouv.qc.ca\/\" target=\"_blank\" rel=\"noopener\">Secr\u00e9tariat \u00e0 la condition f\u00e9minine pour l'\u00e9galit\u00e9 entre les femmes et les hommes<\/a><\/li>\r\n \t<li><a href=\"http:\/\/www.inspq.qc.ca\/violenceconjugale\/default.asp?id=1\" target=\"_blank\" rel=\"noopener\">Violence conjugale<\/a><\/li>\r\n<\/ul>\r\n<strong>Droits des gais et lesbiennes<\/strong>\r\n<ul>\r\n \t<li><a href=\"http:\/\/www.alterheros.com\/francais\/index.cfm\" target=\"_blank\" rel=\"noopener\">AlterH\u00e9ros<\/a>\r\nPour d\u00e9mystifier nos diff\u00e9rences. (Site bilingue)<\/li>\r\n \t<li><a href=\"http:\/\/www.algi.qc.ca\/\" target=\"_blank\" rel=\"noopener\">Algi<\/a>\u00a0<a href=\"http:\/\/www.ccglm.org\/\" target=\"_blank\" rel=\"noopener\">CCGLM (Centre communautaire des gais et lesbiennes de Montr\u00e9al)<\/a>\r\nCentres Communautaires au service de la communaut\u00e9 gaie et lesbienne.<\/li>\r\n \t<li><a href=\"https:\/\/egale.ca\/\" target=\"_blank\" rel=\"noopener\">Egale Canada<\/a>\u00a0(site anglais)<\/li>\r\n \t<li><a href=\"https:\/\/www.fondationemergence.org\/\" target=\"_blank\" rel=\"noopener\">Fondation \u00c9mergence<\/a>\r\nTravaille \u00e0 l'\u00e9panouissement des personnes homosexuelles, \u00e0 leur inclusion dans la soci\u00e9t\u00e9 et \u00e0 faire la lutte aux pr\u00e9jug\u00e9s.<\/li>\r\n \t<li><a href=\"http:\/\/www.gai-ecoute.qc.ca\/\" target=\"_blank\" rel=\"noopener\">Gai \u00e9coute<\/a>\r\nCentre d'\u00e9coute t\u00e9l\u00e9phonique et de renseignements des gais et lesbiennes du Qu\u00e9bec.<\/li>\r\n \t<li><a href=\"http:\/\/www.glbtqarchive.com\/\" target=\"_blank\" rel=\"noopener\">GLBTQ<\/a>\r\nThe online encyclopedia of Gay, Lesbian, Bisexual, Transgender, and Queer Culture.<\/li>\r\n \t<li><a href=\"http:\/\/www.glsen.org\/\" target=\"_blank\" rel=\"noopener\">GLSEN<\/a>\r\nCreating safe schools for lesbian, gay, bisexual and transgender poeples.<\/li>\r\n \t<li><a href=\"http:\/\/www.gris.ca\/\" target=\"_blank\" rel=\"noopener\">GRIS - Groupe de recherche et d'intervention sociale<\/a>\r\nLes objectifs sont:\r\nD\u00e9mystifier l'homosexualit\u00e9 aupr\u00e8s de la soci\u00e9t\u00e9 en g\u00e9n\u00e9ral. Effectuer des travaux de recherche reli\u00e9s aux activit\u00e9s d'interventions de d\u00e9mystification. R\u00e9f\u00e9rer les personnes qui en font la demande \u00e0 d'autres ressources de la communaut\u00e9 gaie et lesbienne.<\/li>\r\n \t<li><a href=\"http:\/\/www.bidstrup.com\/parents.htm\" target=\"_blank\" rel=\"noopener\">My Child is GAY! Now What Do I Do?<\/a>\r\nResources for the parents of gay, lesbian, bisexual and transgendered.<\/li>\r\n \t<li><a href=\"http:\/\/www.outproud.org\/\" target=\"_blank\" rel=\"noopener\">Out Proud!<\/a>\r\nWe invite you to take advantage of the wide range of resources available for youth and educators by clicking on any icon to get to the related subject area.<\/li>\r\n \t<li><a href=\"http:\/\/www.ccdmd.qc.ca\/ri\/homophobie\/\" target=\"_blank\" rel=\"noopener\">Placard et travail<\/a>\u00a0- Dire ou taire son homosexualit\u00e9 en milieu de travail\r\nProduit par le Centre coll\u00e9gial de d\u00e9veloppement de mat\u00e9riel didactique du Coll\u00e8ge de Maisonneuve<\/li>\r\n \t<li><a href=\"http:\/\/www.pflag.org\/\" target=\"_blank\" rel=\"noopener\">PFLAG<\/a>\r\nParents, Families and Friends of Lesbians and Gays<\/li>\r\n<\/ul>\r\n<strong>Gouvernements<\/strong>\r\n<ul>\r\n \t<li><a href=\"http:\/\/www.cpn.gouv.qc.ca\/\" target=\"_blank\" rel=\"noopener\">Comit\u00e9s patronaux de n\u00e9gociation<\/a><\/li>\r\n \t<li><a href=\"http:\/\/www.carra.gouv.qc.ca\/\" target=\"_blank\" rel=\"noopener\">Commission administrative des r\u00e9gimes de retraite et d'assurances Qu\u00e9bec (CARRA)<\/a><\/li>\r\n \t<li><a href=\"http:\/\/www.edsc.gc.ca\/fr\/assurance_emploi\/commission.page\" target=\"_blank\" rel=\"noopener\">Commission de l'assurance emploi du Canada<\/a><\/li>\r\n \t<li><a href=\"http:\/\/www.cdpdj.qc.ca\/fr\/Pages\/default.aspx\" target=\"_blank\" rel=\"noopener\">Commission des droits de la personne et des droits de la jeunesse Qu\u00e9bec<\/a><\/li>\r\n \t<li><a href=\"http:\/\/www.clp.gouv.qc.ca\/\" target=\"_blank\" rel=\"noopener\">Commission des l\u00e9sions professionnelles (CLP)<\/a>\u00a0(maintenant le Tribunal administratif du travail (TAT), remplace la CLP et la CRT)<\/li>\r\n \t<li><a href=\"http:\/\/www.cnesst.gouv.qc.ca\/Pages\/accueil.aspx\">Commission des normes, de l'\u00e9quit\u00e9, de la sant\u00e9 et de la s\u00e9curit\u00e9 du travail (CNESST)<\/a><\/li>\r\n \t<li><a href=\"http:\/\/www.cnt.gouv.qc.ca\/accueil\/index.html\" target=\"_blank\" rel=\"noopener\">Commission des normes du travail Qu\u00e9bec<\/a><\/li>\r\n \t<li><a href=\"http:\/\/www.crt.gouv.qc.ca\/default.asp\" target=\"_blank\" rel=\"noopener\">Commission des relations du travail Qu\u00e9bec (CRT)<\/a>\u00a0(maintenant le Tribunal administratif du travail (TAT), remplace la CLP et la CRT)<\/li>\r\n \t<li><a href=\"http:\/\/www.cse.gouv.qc.ca\/\" target=\"_blank\" rel=\"noopener\">Conseil sup\u00e9rieur de l'\u00e9ducation<\/a><\/li>\r\n \t<li><a href=\"https:\/\/www.mfa.gouv.qc.ca\/fr\/Pages\/index.aspx\" target=\"_blank\" rel=\"noopener\">Famille Qu\u00e9bec<\/a><\/li>\r\n \t<li><a href=\"http:\/\/www.fcsq.qc.ca\/\" target=\"_blank\" rel=\"noopener\">F\u00e9d\u00e9ration des commissions scolaires du Qu\u00e9bec (FCSQ)<\/a><\/li>\r\n \t<li><a href=\"http:\/\/www.education.gouv.qc.ca\/enseignants\/administratif\/greffe-des-tribunaux-darbitrage\/\" target=\"_blank\" rel=\"noopener\">Greffe des tribunaux d'arbitrage du secteur de l'\u00e9ducation<\/a><\/li>\r\n \t<li><a href=\"http:\/\/www.mels.gouv.qc.ca\/\" target=\"_blank\" rel=\"noopener\">Minist\u00e8re de l'\u00c9ducation et de l'Enseignement sup\u00e9rieur (MEES)<\/a><\/li>\r\n \t<li><a href=\"http:\/\/strategis.ic.gc.ca\/sc_mrksv\/cipo\/cp\/cp_main-f.html\" target=\"_blank\" rel=\"noopener\">Office de la propri\u00e9t\u00e9 intellectuelle du Canada (OPIC)<\/a><\/li>\r\n \t<li><a href=\"http:\/\/www.olf.gouv.qc.ca\/\" target=\"_blank\" rel=\"noopener\">Office qu\u00e9b\u00e9cois de la langue fran\u00e7aise Qu\u00e9bec (OLF)<\/a><\/li>\r\n \t<li><a href=\"http:\/\/www.ramq.gouv.qc.ca\/fr\/Pages\/accueil.aspx\" target=\"_blank\" rel=\"noopener\">R\u00e9gie de l'assurance maladie Qu\u00e9bec<\/a><\/li>\r\n \t<li><a href=\"http:\/\/www.rrq.gouv.qc.ca\/fr\/\" target=\"_blank\" rel=\"noopener\">R\u00e9gie des rentes Qu\u00e9bec<\/a><\/li>\r\n \t<li><a href=\"http:\/\/www.msss.gouv.qc.ca\/\" target=\"_blank\" rel=\"noopener\">Sant\u00e9 et Services sociaux Qu\u00e9bec<\/a><\/li>\r\n \t<li><a href=\"http:\/\/www.autochtones.gouv.qc.ca\/index.asp\" target=\"_blank\" rel=\"noopener\">Secr\u00e9tariat aux affaires autochtones<\/a><\/li>\r\n \t<li><a href=\"http:\/\/www.tat.gouv.qc.ca\/\" target=\"_blank\" rel=\"noopener\">Tribunal administratif du travail (TAT)<\/a><\/li>\r\n<\/ul>\r\n<strong>Organismes non gouvernementaux<\/strong>\r\n<ul>\r\n \t<li><a href=\"http:\/\/www.ciso.qc.ca\/\" target=\"_blank\" rel=\"noopener\">Centre international de solidarit\u00e9 ouvri\u00e8re (CISO)<\/a><\/li>\r\n \t<li><a href=\"http:\/\/www.eausecours.org\/\" target=\"_blank\" rel=\"noopener\">Coalition Eau Secours !<\/a><\/li>\r\n \t<li><a href=\"http:\/\/www.fata.qc.ca\/\" target=\"_blank\" rel=\"noopener\">Fondation pour l'aide aux travailleuses et aux travailleurs accident\u00e9s (FATA)<\/a><\/li>\r\n \t<li><a href=\"http:\/\/www.liguedesdroits.ca\/documents\/communiques\/communique_28mai02.pdf\" target=\"_blank\" rel=\"noopener\">Ligue des droits et libert\u00e9s<\/a><\/li>\r\n \t<li><a href=\"http:\/\/www.montrealfrancais.info\/\" target=\"_blank\" rel=\"noopener\">Mouvement Montr\u00e9al francais<\/a><\/li>\r\n \t<li><a href=\"http:\/\/www.ilo.org\/global\/lang--fr\/index.htm\" target=\"_blank\" rel=\"noopener\">Organisation internationale du travail (OIT)<\/a><\/li>\r\n \t<li><a href=\"http:\/\/oxfam.qc.ca\/\" target=\"_blank\" rel=\"noopener\">Oxfam-Qu\u00e9bec<\/a><\/li>\r\n<\/ul>\r\n<strong>Partenaires<\/strong>\r\n<ul>\r\n \t<li><a href=\"https:\/\/www.desjardins.com\/fr\/votre_caisse\/accueil.jsp?transit=81592204\" target=\"_blank\" rel=\"noopener\">Desjardins Caisse de l'\u00c9ducation<\/a><\/li>\r\n \t<li><a href=\"http:\/\/www.fcpq.qc.ca\/\" target=\"_blank\" rel=\"noopener\">F\u00e9d\u00e9ration des comit\u00e9s de parents du Qu\u00e9bec (FCPQ)<\/a><\/li>\r\n \t<li><a href=\"https:\/\/www.fondsftq.com\/\" target=\"_blank\" rel=\"noopener\">Fonds de solidarit\u00e9 FTQ<\/a><\/li>\r\n \t<li><a href=\"http:\/\/www.ei-ie.org\/fr\/index.php\" target=\"_blank\" rel=\"noopener\">Internationale de l'\u00c9ducation<\/a><\/li>\r\n \t<li><a href=\"http:\/\/www.world-psi.org\/TemplateFr.cfm?Section=French\" target=\"_blank\" rel=\"noopener\">Internationale des Services publics<\/a><\/li>\r\n \t<li><a href=\"http:\/\/www.lapersonnelle.com\/p-qc\/FR\/Pages\/accueil.aspx?PRV=&amp;MCA=P&amp;LNG=FR&amp;GRP=csq\" target=\"_blank\" rel=\"noopener\">La Personnelle<\/a><\/li>\r\n \t<li><a href=\"http:\/\/www.lapersonnelle.com\/p-qc\/FR\/Pages\/accueil.aspx?PRV=&amp;MCA=P&amp;LNG=FR&amp;GRP=csq\" target=\"_blank\" rel=\"noopener\">Les protections\u00a0<em>R\u00e9sAut<\/em>\u00a0CSQ<\/a><\/li>\r\n \t<li><a href=\"http:\/\/www.sisp.qc.net\/index.cfm\/2,0,1677,9658,0,0,html\" target=\"_blank\" rel=\"noopener\">Secr\u00e9tariat intersyndical des services publics (SISP)<\/a><\/li>\r\n \t<li><a href=\"http:\/\/www.ssq.ca\/fr\/index.asp?crd=false\" target=\"_blank\" rel=\"noopener\">SSQ Groupe financier<\/a><\/li>\r\n \t<li><a href=\"http:\/\/evb.csq.qc.net\/index.cfm\/2,0,1666,9457,0,0,html\" target=\"_blank\" rel=\"noopener\">EAV-EVB<\/a><\/li>\r\n<\/ul>\r\n<strong>R\u00e9f\u00e9rences g\u00e9n\u00e9rales<\/strong>\r\n<ul>\r\n \t<li><a href=\"http:\/\/www.asgemsq.qc.ca\/\" target=\"_blank\" rel=\"noopener\">Association des services de garde en milieu scolaire du Qu\u00e9bec (ASGEMSQ)<\/a><\/li>\r\n \t<li><a href=\"http:\/\/www.fppe.qc.ca\/\" target=\"_blank\" rel=\"noopener\">F\u00e9d\u00e9ration des professionnelles et professionnels de l'\u00e9ducation du Qu\u00e9bec (FPPE-CSQ)<\/a><\/li>\r\n \t<li><a href=\"http:\/\/www.fse.qc.net\/\" target=\"_blank\" rel=\"noopener\">F\u00e9d\u00e9ration des syndicats de l'enseignement (FSE-CSQ)<\/a><\/li>\r\n \t<li><a href=\"http:\/\/www.quebec511.info\/fr\/default.aspx\" target=\"_blank\" rel=\"noopener\">Inforouti\u00e8re\u00a0<\/a>(Qu\u00e9bec 511)<\/li>\r\n \t<li><a href=\"http:\/\/www.waterlevels.gc.ca\/fra\/trouver\/region\/4\" target=\"_blank\" rel=\"noopener\">Mar\u00e9es, courants et niveau d'eau<\/a><\/li>\r\n \t<li><a href=\"http:\/\/www.banqueducanada.ca\/fr\/taux\/exchfo-f.html\" target=\"_blank\" rel=\"noopener\">Taux de change - Banque du Canada<\/a><\/li>\r\n \t<li><a href=\"http:\/\/teljeunes.com\/accueil\" target=\"_blank\" rel=\"noopener\">Tel-jeunes<\/a><\/li>\r\n<\/ul>","couleur":""}]},"_links":{"self":[{"href":"https:\/\/fpss.lacsq.org\/en\/wp-json\/wp\/v2\/pages\/352","targetHints":{"allow":["GET"]}}],"collection":[{"href":"https:\/\/fpss.lacsq.org\/en\/wp-json\/wp\/v2\/pages"}],"about":[{"href":"https:\/\/fpss.lacsq.org\/en\/wp-json\/wp\/v2\/types\/page"}],"author":[{"embeddable":true,"href":"https:\/\/fpss.lacsq.org\/en\/wp-json\/wp\/v2\/users\/98"}],"replies":[{"embeddable":true,"href":"https:\/\/fpss.lacsq.org\/en\/wp-json\/wp\/v2\/comments?post=352"}],"version-history":[{"count":1,"href":"https:\/\/fpss.lacsq.org\/en\/wp-json\/wp\/v2\/pages\/352\/revisions"}],"predecessor-version":[{"id":353,"href":"https:\/\/fpss.lacsq.org\/en\/wp-json\/wp\/v2\/pages\/352\/revisions\/353"}],"up":[{"embeddable":true,"href":"https:\/\/fpss.lacsq.org\/en\/wp-json\/wp\/v2\/pages\/348"}],"wp:attachment":[{"href":"https:\/\/fpss.lacsq.org\/en\/wp-json\/wp\/v2\/media?parent=352"}],"curies":[{"name":"wp","href":"https:\/\/api.w.org\/{rel}","templated":true}]}}