{"id":3497,"date":"2025-03-10T14:43:03","date_gmt":"2025-03-10T13:43:03","guid":{"rendered":"https:\/\/fpss.lacsq.org\/?page_id=3497"},"modified":"2025-03-10T14:51:32","modified_gmt":"2025-03-10T13:51:32","slug":"press-review-2023-2024","status":"publish","type":"page","link":"https:\/\/fpss.lacsq.org\/en\/publications_\/press-review\/press-review-2023-2024\/","title":{"rendered":"Press review 2023-2024"},"content":{"rendered":"","protected":false},"excerpt":{"rendered":"","protected":false},"author":98,"featured_media":0,"parent":1514,"menu_order":1,"comment_status":"closed","ping_status":"closed","template":"","meta":{"_acf_changed":false,"footnotes":""},"class_list":["post-3497","page","type-page","status-publish","hentry"],"acf":{"afficher_hero":false,"image":null,"image_tablette":null,"image_mobile":null,"is_redirected_target_page":false,"target_page":null,"contenu_flexible":[{"acf_fc_layout":"1_colonne","texte":"<h1>Press review 2023-2024<\/h1>\r\n<strong>2024-06<\/strong>\r\n\r\n<a href=\"https:\/\/www.neomedia.com\/vaudreuil-soulanges\/actualites\/my-english-news\/614499\/violence-in-schools-35-of-csstl-support-staff-have-experienced-physical-violence\">Trois-Lacs - Survey conducted by the F\u00e9d\u00e9ration du personnel de soutien scolaire - Violence in schools: 35% of CSSTL support staff have experienced physical violence - N\u00e9om\u00e9dia - N\u00e9om\u00e9dia - 2024-06-17<\/a>\r\n\r\n<a href=\"https:\/\/www.neomedia.com\/vaudreuil-soulanges\/actualites\/education\/614413\/violence-et-demissions-un-dur-constat-pour-le-personnel-de-soutien-scolaire\">Trois-Lacs - Violence and resignations: a harsh observation for school support staff - N\u00e9om\u00e9dia - 2024-06-17<\/a>\r\n\r\n<a href=\"https:\/\/youtu.be\/eycwjO3QL6E\">Retrospective 2023-2024 in education - CKIA - 2024-06-14<\/a>\r\n\r\n<a href=\"https:\/\/youtu.be\/ImioSmONbf8\">Outaouais - Violence support staff in Outaouais - Radio-Canada - 2024-06-12<\/a>\r\n\r\n<a href=\"https:\/\/youtu.be\/xQ-cmX80pNw\">Outaouais - Violence support staff in Outaouais - TVA 6 p.m. - 2024-06-12<\/a>\r\n\r\n<a href=\"https:\/\/youtu.be\/TaLJ5RhENfI\">Outaouais - Violence support staff in Outaouais - 1 p.m. radio bulletin - Radio-Canada - 2024-06-12<\/a>\r\n\r\n<a href=\"https:\/\/youtu.be\/KMkQFXFuQqU\">Outaouais - Violence support staff in Outaouais - On the spot - Radio-Canada - 2024-06-12<\/a>\r\n\r\n<a href=\"https:\/\/ici.radio-canada.ca\/nouvelle\/2080106\/violence-demission-personnel-soutien-scolaire-outaouais\">Outaouais - Violence and resignations affect support staff in Outaouais - Radio-Canada website - 2024-06-12<\/a>\r\n\r\n<a href=\"https:\/\/www.ledroit.com\/actualites\/education\/2024\/06\/13\/dans-nos-milieux-la-violence-est-banalisee-dit-un-syndicat-en-outaouais-4W636OOXNNCCZJCKNKUJP6B424\/\">Outaouais - \u201cViolence is trivialized,\u201d says a school union - Journal Le Droit - 2024-06-12<\/a>\r\n\r\n<a href=\"https:\/\/www.noovo.info\/nouvelle\/violence-et-manque-de-renaissance-1500-demissions-en-5-ans-chez-le-personnel-de-soutien-scolaire-de-cette-region.html\">Outaouais - \u201cMajor crisis\u201d of resignations in the school environment: staff are sounding the alarm - Noovo Info - 2024-06-12<\/a>\r\n\r\n<a href=\"https:\/\/www.957kyk.com\/audio\/630472\/le-personnel-de-soutien-scolaire-reclame-plus-de-soutien\">School support staff call for more support - KYK 95.7 - 2024-06-07<\/a>\r\n\r\n<a href=\"https:\/\/ici.radio-canada.ca\/nouvelle\/2078632\/violence-injures-ecole-employes-soutien-demissions\">Violence leads to hundreds of resignations among school support staff - Radio-Canada - 2024-06-06<\/a>\r\n\r\n<a href=\"https:\/\/ici.radio-canada.ca\/tele\/le-telejournal-saguenay\/site\/episodes\/921878\/episode-du-6-juin-2024\">Violence - Saguenay - T\u00e9l\u00e9journal Radio-Canada at 6:55 - 2024-06-06<\/a>\r\n\r\n<a href=\"https:\/\/www.lequotidien.com\/actualites\/actualites-locales\/2024\/06\/06\/la-violence-atteint-des-sommets-dans-les-ecoles-primaires-NKZHIYUIFNERVMLQNFCUN4Q3GE\/\">Violence reaches heights in primary schools - Le Quotidien - 2024-06-06<\/a>\r\n\r\n<a href=\"https:\/\/www.noovo.info\/nouvelle\/violence-et-importantes-demissions-au-sein-du-personnel-scolaire-au-saguenay.html\">Violence: significant resignations of school support staff in Saguenay - Noovo Saguenay - 2024-06-06<\/a>\r\n\r\n<a href=\"https:\/\/ici.radio-canada.ca\/ohdio\/premiere\/emissions\/cest-jamais-pareil\/segments\/rattrapage\/507248\/violence-ecoles-personnel-soutien-scolaire\">Violence causing resignations - Radio-Canada - 2024-06-06<\/a>\r\n\r\n<strong>2024-05<\/strong>\r\n\r\n<a href=\"https:\/\/www.youtube.com\/watch?v=-1P6aaIPtnY\">Chronicle at CKIA - A look back at the Day on Violence, agreement on S3 texts and artificial intelligence 2024-05-31<\/a>\r\n\r\n<a href=\"https:\/\/ici.radio-canada.ca\/nouvelle\/2075776\/violence-jeunes-education-ecoles-intimidation\">Violence - Violence among young people: between perceptions, myths and realities - Radio-Canada - 2024-05-26<\/a>\r\n\r\n<a href=\"https:\/\/ici.radio-canada.ca\/ohdio\/premiere\/emissions\/les-faits-dabord\/segments\/rattrapage\/504454\/violence-intimidation-milieu-scolaire-bagarres-jeunes\">Violence - Is youth violence on the rise? - Radio-Canada - 2024-05-25<\/a>\r\n\r\n<a href=\"https:\/\/www.leclaireurprogres.ca\/infolettre\/violences-et-demissions-chez-le-personnel-de-soutien-scolaire\/\">Beauce - Violence and resignations among school support staff - L'\u00c9claireur Progr\u00e8s - 2024-05-10<\/a>\r\n\r\n<a href=\"https:\/\/www.enbeauce.com\/actualites\/education\/611028\/violence-en-milieu-scolaire-le-personnel-de-soutien-pousse-un-cri-dalarme\">Beauce - Violence and resignations - En Beauce - 2024-05-09<\/a>\r\n\r\n<a href=\"https:\/\/www.coolfm.biz\/nouvelle\/13276-un-portrait-peu-reluisant-de-la-realite-du-personnel-de-soutien-scolaire-dans-la-region\">Beauce - Violence and resignations - Cool FM - 2024-05-09<\/a>\r\n\r\n<a href=\"https:\/\/youtu.be\/dU0Tfa2vY7M\">Violence against school support staff - CKIA - 2024-05-03<\/a>\r\n\r\n<a href=\"https:\/\/youtu.be\/Xr3j0id4C1k\">Violence against school support staff - Salut Bonjour - 2024-05-02<\/a>\r\n\r\n<a href=\"https:\/\/youtu.be\/x77o_aPFBj0\">RDI report on violence against school support staff - Radio-Canada - 2024-05-02<\/a>\r\n\r\n<a href=\"https:\/\/youtu.be\/1ZYoMN8iMtk\">Violence against school support staff - LCN - 2024-05-02<\/a>\r\n\r\n<a href=\"https:\/\/www.lepeuplelotbiniere.ca\/pl\/149\/%C3%89ducation.html?id=39220&amp;fbclid=IwZXh0bgNhZW0CMTAAAR2N2T2q71EhGLeieTXGw83ezZLZYUAuYveu1Y1_K0RDLkJycVMp7ThXCHQ_aem_AURJAXhIQ4HPaeZ1sW3gTEZ3QvJoRsTYDlNS5oPczEZx9zVh8jjjbGJIYJv9FWTmBcH9WiqtjTIeKUu-G6z6mDxB\">Violence still very present in schools - Le Peuple Lotbini\u00e8re - 2024-05-02<\/a>\r\n\r\n<a href=\"https:\/\/montreal.citynews.ca\/2024\/05\/02\/quebec-school-support-staff-continue-to-experience-violence-survey\/?fbclid=IwZXh0bgNhZW0CMTAAAR2AwrrnmXV66upYzG3xmjmjVdckj7NBmoxYiPQYfuxovCJjg56xYOjlXcY_aem_AUSJyCy5SWrMrJfY9J2DajRrd4qf3CHjCPBV7lDLD1iX2W1eletGoXjkkpFv2ZpUn5vP4XokgtDHGWE3bzzAS0LE\">Quebec school support staff continue to experience violence: Survey - CityNews everywhere - 2024-05-02<\/a>\r\n\r\n<a href=\"https:\/\/www.985fm.ca\/audio\/623266\/les-eleves-seraient-la-principale-cause-des-violences-contre-le-personnel\">Students would be the main cause of violence against staff - Interview with Paul Arcand - 2024-05-02<\/a>\r\n\r\n<a href=\"https:\/\/ici.radio-canada.ca\/nouvelle\/2069496\/violence-ecole-sondage-employe\">Violence very present in Quebec schools, according to a survey - Radio-Canada - 2024-05-02<\/a>\r\n\r\n<a href=\"https:\/\/ici.radio-canada.ca\/ohdio\/premiere\/emissions\/boreale-138\/segments\/rattrapage\/496544\/augmentation-violence-subie-personnel-soutien-scolaire-cote-nord\">Sept-\u00celes - Increase in violence suffered by school support staff - Radio-Canada C\u00f4te-Nord - 2024-04-30<\/a>\r\n\r\n<a href=\"https:\/\/nous.tv\/node\/335178?c=sept-iles\">Sept-\u00celes - School support employees in the Iron region suffer violence -NousTV, at 8:30 - 2024-04-26<\/a>\r\n\r\n<a href=\"https:\/\/lenord-cotier.com\/2024\/04\/24\/personnel-de-soutien-scolaire-la-violence-ne-cesse-daugmenter-dans-les-ecoles-de-la-cote-nord\/\">Sept-\u00celes - School support staff | Violence continues to increase in C\u00f4te-Nord schools - Le Nord-C\u00f4tier - 2024-04-24<\/a>\r\n\r\n<a href=\"https:\/\/lenord-cotier.com\/2024\/04\/24\/personnel-de-soutien-scolaire-plus-de-504-demissions-en-cinq-ans-sur-la-cote-nord\/\">Sept-\u00celes - School support staff | More than 504 resignations in five years on the North Shore - Le Nord-C\u00f4tier - 2024-04-24<\/a>\r\n\r\n<a href=\"https:\/\/macotenord.com\/une-hausse-de-la-violence-dans-les-ecoles-de-la-region-du-fer-fait-fuir-le-personnel-de-soutien\/\">Sept-\u00celes - An increase in violence in schools in the Fer region scares away support staff - Plaisir FM in Sept-\u00celes - 2024-04-24<\/a>\r\n\r\n<a href=\"https:\/\/youtu.be\/pDJc4nc_tMU\">Delay in MEQ response to access to information requests - interview at CKIA - 2024-04-19<\/a>\r\n\r\n<a href=\"https:\/\/ici.radio-canada.ca\/ohdio\/premiere\/emissions\/des-matins-en-or\/segments\/entrevue\/490041\/demissions-soutien-ecole-eleves-csq\">Many school support employees are leaving schools - 04-24-05 - Des matins en or at Radio-Canada<\/a>\r\n\r\n<a href=\"https:\/\/youtu.be\/qZPAOGEIknw\">Interview with \u00c9ric Pronovost at CKIA - 04-24-05 - Resignations of school support staff<\/a>\r\n\r\n<a href=\"https:\/\/youtu.be\/NmiE29WSNH0\">Interview by \u00c9ric Pronovost with Mario Dumont at LCN - 2024-04-04 - Resignations of school support staff<\/a>\r\n\r\n<a href=\"https:\/\/youtu.be\/efuuGfoH0uU\">Interview with \u00c9ric Pronovost on RDI - 2024-04-04 - Resignations of school support staff\u00a0<\/a>\r\n\r\n<a href=\"https:\/\/www.fm1077.ca\/audio\/617480\/37428-membres-du-personnel-de-soutien-scolaire-ont-demissionne\">Midi Actualit\u00e9 at 107.7 FM - 2024-04-04 - Over the last 5 years 37,428 school support staff have resigned<\/a>\r\n\r\n<a href=\"https:\/\/www.journaldemontreal.com\/2024\/04\/04\/cest-dangereux--de-plus-en-plus-de-demissions-chez-le-personnel-de-soutien-scolaire\">Journal de Montr\u00e9al - 04-24-04 - \u201cIt\u2019s dangerous\u201d: more and more resignations among school support staff<\/a>\r\n\r\n<a href=\"https:\/\/youtu.be\/DGIBg7pYSDs\">CKIA \u2013 03-24-22 \u2013 The education dashboard \u2013 Column by \u00c9ric Pronovost<\/a>\r\n\r\n<a href=\"https:\/\/www.youtube.com\/watch?v=TUUFl-UaRj8\">CKIA - 24-02-23 - Violence en milieu scolaire -Column by \u00c9ric Pronovost at CKIA<\/a>\r\n\r\n<a href=\"https:\/\/www.tvanouvelles.ca\/2024\/02\/17\/voici-pourquoi-on-na-pas-encore-enraye-le-fleau-de-lintimidation-a-lecole-apres-douze-ans-de-lutte\">TVA Nouvelles - 24-02-17 - Voici pourquoi on n\u2019a pas encore enray\u00e9 le \u00abfl\u00e9au\u00bb de l\u2019intimidation \u00e0 l\u2019\u00e9cole apr\u00e8s douze ans de lutte<\/a>\r\n\r\n<a href=\"https:\/\/www.noovo.info\/video\/intimidation-des-professionnels-de-leducation-veulent-que-drainville-passe-de-la-parole-aux-actes.html\">Noovo Info - 24-02-15 - Intimidation: Drainville doit \u00abpasser de la parole aux actes\u00bb<\/a>\r\n\r\n<a href=\"https:\/\/youtu.be\/fO-fh5B-MsA\">Radio-Canada - 24-02-12 - \u00c9clipse scolaire, le personnel de soutien scolaire inquiet<\/a>\r\n\r\n<a href=\"https:\/\/www.journaldequebec.com\/2024\/02\/09\/la-liste-des-ecoles-fermees-a-cause-de-leclipse-solaire-du-8-avril-sallonge\">Journal de Qu\u00e9bec - 24-02-09 - La liste des \u00e9coles ferm\u00e9es \u00e0 cause de l\u2019\u00e9clipse solaire du 8 avril s\u2019allonge<\/a>\r\n\r\n<a href=\"https:\/\/youtu.be\/MXG0lYrxNJg\">CKIA - 24-02-09 - Entente sectorielle et plan de rattrapage scolaire<\/a>\r\n\r\n<a href=\"https:\/\/ici.radio-canada.ca\/nouvelle\/2047933\/fse-entente-principe-quebec-acceptation\">Radio-Canada - 24-02-08 - La FSE-CSQ et la FPSS-CSQ ent\u00e9rinent l\u2019entente de principe avec Qu\u00e9bec<\/a>\r\n\r\n<a href=\"https:\/\/www.noovo.info\/nouvelle\/enseignement-la-fse-enterine-lentente-de-principe-avec-quebec.html\">Noovo Info - 24-02-08 - La FSE-CSQ a ent\u00e9rin\u00e9 l'entente avec Qu\u00e9bec, les professionnels et le soutien aussi<\/a>\r\n\r\n<a href=\"https:\/\/www.lerefletdulac.com\/nouvelles-nationales\/la-fse-csq-a-enterine-lentente-avec-quebec-les-professionnels-et-le-soutien-aussi\/\">Le Reflet du Lac, as well as several other weeklies - 24-02-08 - La FSE-CSQ a ent\u00e9rin\u00e9 l\u2019entente avec Qu\u00e9bec, les professionnels et le soutien aussi<\/a>\r\n\r\n<a href=\"https:\/\/www.journaldemontreal.com\/2024\/02\/07\/plans-de-rattrapage--la-majorite-du-personnel-de-soutien-scolaire-na-pas-ete-approchee\">Journal de Montr\u00e9al - 24-02-07 - Plans de rattrapage: la majorit\u00e9 du personnel de soutien scolaire n\u2019a pas \u00e9t\u00e9 approch\u00e9e<\/a>\r\n\r\n<a href=\"https:\/\/ici.radio-canada.ca\/nouvelle\/2041483\/aides-classes-enseignant-fae-quebec?utm_source=google-sem&amp;utm_campaign=nat.pn.sem-ao-dossiers&amp;utm_medium=payant&amp;utm_term=info&amp;utm_content=nouvelle&amp;gad_source=1&amp;gclid=CjwKCAiA0PuuBhBsEiwAS7fsNS8VgmDg_WAMCL2aWsd1fJGZRq77wj3QDbU2dpSDH0uxMSbIh8ar-RoCHd0QAvD_BwE\">Radio-Canada - 24-01-13 - Des milliers d\u2019aides \u00e0 la classe : un \u00ab coup de main \u00bb pour les enseignants<\/a>\r\n\r\n<a href=\"https:\/\/www.ledevoir.com\/societe\/education\/805272\/education-vers-ajout-milliers-aides-enseignants-quebec\">Le Devoir - 24-01-13 - Vers l\u2019ajout de milliers d\u2019aides \u00e0 la classe au Qu\u00e9bec<\/a>\r\n\r\n<a href=\"https:\/\/youtu.be\/q0ZU9K1t5Xo\">Salut Bonjour - 24-01-05 - Plan de rattrapage scolaire<\/a>\r\n\r\n<a href=\"https:\/\/www.lesoleil.com\/actualites\/2023\/12\/28\/le-front-commun-a-conclu-une-proposition-dentente-de-principe-4VB2SWDDEJG7XMOVOSV7MH7RWQ\/\">Le Soleil - 23-12-28 - Le Front commun a conclu une proposition d\u2019entente de principe<\/a>\r\n\r\n<a href=\"https:\/\/www.journaldequebec.com\/2023\/12\/31\/frustrant--des-educatrices-incapables-davoir-un-horaire-a-temps-plein-malgre-la-penurie-et-les-besoins-qui-explosent-dans-les-ecoles\">Journal de Qu\u00e9bec - 23-12-01 - \u00abFrustrant\u00bb: des \u00e9ducatrices incapables d\u2019avoir un horaire \u00e0 temps plein malgr\u00e9 la p\u00e9nurie et les besoins qui explosent dans les \u00e9coles<\/a>\r\n\r\n<a href=\"https:\/\/youtu.be\/FFNS_DXUtvA\">Radio-Canada - 23-12-14 - Le personnel de soutien scolaire en gr\u00e8ve<\/a>\r\n\r\n<a href=\"https:\/\/www.lapresse.ca\/actualites\/education\/2023-12-01\/employees-de-soutien-scolaire\/mes-ados-ont-faim-et-moi-aussi.php\">La Presse - 23-12-01 - Employ\u00e9es de soutien scolaire \u00abMes ados ont faim. Et moi aussi.\u00bb<\/a>\r\n\r\n<a href=\"https:\/\/youtu.be\/cRs44WGP49I\">Radio-Canada - 23-11-17 - Approche antisyndicale de certains centres de services scolaires<\/a>\r\n\r\n&nbsp;\r\n\r\n&nbsp;\r\n\r\n&nbsp;\r\n\r\n&nbsp;\r\n\r\n&nbsp;\r\n\r\n&nbsp;\r\n\r\n&nbsp;\r\n\r\n&nbsp;\r\n\r\n&nbsp;","couleur":""}]},"_links":{"self":[{"href":"https:\/\/fpss.lacsq.org\/en\/wp-json\/wp\/v2\/pages\/3497","targetHints":{"allow":["GET"]}}],"collection":[{"href":"https:\/\/fpss.lacsq.org\/en\/wp-json\/wp\/v2\/pages"}],"about":[{"href":"https:\/\/fpss.lacsq.org\/en\/wp-json\/wp\/v2\/types\/page"}],"author":[{"embeddable":true,"href":"https:\/\/fpss.lacsq.org\/en\/wp-json\/wp\/v2\/users\/98"}],"replies":[{"embeddable":true,"href":"https:\/\/fpss.lacsq.org\/en\/wp-json\/wp\/v2\/comments?post=3497"}],"version-history":[{"count":2,"href":"https:\/\/fpss.lacsq.org\/en\/wp-json\/wp\/v2\/pages\/3497\/revisions"}],"predecessor-version":[{"id":3499,"href":"https:\/\/fpss.lacsq.org\/en\/wp-json\/wp\/v2\/pages\/3497\/revisions\/3499"}],"up":[{"embeddable":true,"href":"https:\/\/fpss.lacsq.org\/en\/wp-json\/wp\/v2\/pages\/1514"}],"wp:attachment":[{"href":"https:\/\/fpss.lacsq.org\/en\/wp-json\/wp\/v2\/media?parent=3497"}],"curies":[{"name":"wp","href":"https:\/\/api.w.org\/{rel}","templated":true}]}}