{"id":2882,"date":"2024-11-12T16:57:02","date_gmt":"2024-11-12T15:57:02","guid":{"rendered":"https:\/\/fpss.lacsq.org\/?page_id=2882"},"modified":"2024-11-12T17:07:31","modified_gmt":"2024-11-12T16:07:31","slug":"qpip","status":"publish","type":"page","link":"https:\/\/fpss.lacsq.org\/en\/labour-relations\/qpip\/","title":{"rendered":"QPIP"},"content":{"rendered":"","protected":false},"excerpt":{"rendered":"","protected":false},"author":98,"featured_media":0,"parent":338,"menu_order":6,"comment_status":"closed","ping_status":"closed","template":"","meta":{"_acf_changed":false,"footnotes":""},"class_list":["post-2882","page","type-page","status-publish","hentry"],"acf":{"afficher_hero":false,"image":null,"image_tablette":null,"image_mobile":null,"is_redirected_target_page":false,"target_page":null,"contenu_flexible":[{"acf_fc_layout":"1_colonne","texte":"<h1>Qu\u00e9bec Parental Insurance Plan (QPIP)<\/h1>\r\n<div class=\"entry-content content\">\r\n\r\nThese documents have been adapted for school support staff\r\n\r\n<a href=\"https:\/\/securitesociale.lacsq.org\/wp-content\/uploads\/2022\/06\/2122-154_GuideParent_FPSS_EN_web.pdf\" target=\"_blank\" rel=\"noopener noreferrer\">Guide to Parentals Rights and the QPIP (2020-2023) (in English)<\/a>\r\n\r\n<a href=\"https:\/\/fpss.lacsq.org\/wp-content\/uploads\/sites\/64\/2024\/11\/Formulaire-a-remplir-FPSS-CSQ-2022.doc\">Form to complete before meeting with the union (in French)<\/a>\r\nWe invite you to first read the \u201cGuide\u201d carefully, note your questions, then fill out this short form before contacting the person responsible for parental rights at your union. We believe that this way your interview with this person will be even more effective and profitable.\r\n\r\n<a title=\"3. Mod\u00e8les de lettres \u00e0 transmettre \u00e0 l'employeur\" href=\"https:\/\/securitesociale.lacsq.org\/droits-parentaux\/fpss-federation-du-personnel-de-soutien-scolaire\/modeles-de-lettres-fpss\/\">Model letters to send to the employer (in French)<\/a>\r\n\r\n<\/div>","couleur":""}]},"_links":{"self":[{"href":"https:\/\/fpss.lacsq.org\/en\/wp-json\/wp\/v2\/pages\/2882","targetHints":{"allow":["GET"]}}],"collection":[{"href":"https:\/\/fpss.lacsq.org\/en\/wp-json\/wp\/v2\/pages"}],"about":[{"href":"https:\/\/fpss.lacsq.org\/en\/wp-json\/wp\/v2\/types\/page"}],"author":[{"embeddable":true,"href":"https:\/\/fpss.lacsq.org\/en\/wp-json\/wp\/v2\/users\/98"}],"replies":[{"embeddable":true,"href":"https:\/\/fpss.lacsq.org\/en\/wp-json\/wp\/v2\/comments?post=2882"}],"version-history":[{"count":3,"href":"https:\/\/fpss.lacsq.org\/en\/wp-json\/wp\/v2\/pages\/2882\/revisions"}],"predecessor-version":[{"id":2887,"href":"https:\/\/fpss.lacsq.org\/en\/wp-json\/wp\/v2\/pages\/2882\/revisions\/2887"}],"up":[{"embeddable":true,"href":"https:\/\/fpss.lacsq.org\/en\/wp-json\/wp\/v2\/pages\/338"}],"wp:attachment":[{"href":"https:\/\/fpss.lacsq.org\/en\/wp-json\/wp\/v2\/media?parent=2882"}],"curies":[{"name":"wp","href":"https:\/\/api.w.org\/{rel}","templated":true}]}}