{"id":2873,"date":"2024-11-12T16:08:08","date_gmt":"2024-11-12T15:08:08","guid":{"rendered":"https:\/\/fpss.lacsq.org\/?page_id=2873"},"modified":"2024-11-12T16:11:17","modified_gmt":"2024-11-12T15:11:17","slug":"insurance","status":"publish","type":"page","link":"https:\/\/fpss.lacsq.org\/en\/labour-relations\/insurance\/","title":{"rendered":"Insurance"},"content":{"rendered":"","protected":false},"excerpt":{"rendered":"","protected":false},"author":98,"featured_media":0,"parent":338,"menu_order":0,"comment_status":"closed","ping_status":"closed","template":"","meta":{"_acf_changed":false,"footnotes":""},"class_list":["post-2873","page","type-page","status-publish","hentry"],"acf":{"afficher_hero":false,"image":null,"image_tablette":null,"image_mobile":null,"is_redirected_target_page":false,"target_page":null,"contenu_flexible":[{"acf_fc_layout":"1_colonne","texte":"<a href=\"https:\/\/securitesociale.lacsq.org\/wp-content\/uploads\/2023\/02\/BV3467A-202301_v1.pdf\" target=\"_blank\" rel=\"noopener noreferrer\">Your Alter ego plan \u2013 Full version<\/a>\r\n\r\n<a href=\"https:\/\/securitesociale.lacsq.org\/wp-content\/uploads\/2023\/12\/Votre-r\u00e9gime-en-un-coup-d\u2019\u0153il-\u00e9dition-2024-D\u00e9pliant-Anglais.pdf\" target=\"_blank\" rel=\"noopener noreferrer\">Your Alter ego plan at a glance 2024<\/a>\r\n\r\n<a href=\"https:\/\/securitesociale.lacsq.org\/wp-content\/uploads\/2023\/12\/Guide-de-la-personne-adh\u00e9rente-2023_AN.pdf\" target=\"_blank\" rel=\"noopener noreferrer\">Alter ego \u2013 Participant\u2019s Guide<\/a>\r\n\r\n<a href=\"https:\/\/securitesociale.lacsq.org\/wp-content\/uploads\/2021\/03\/2021-082_GuideStatutPrecaireCSQ_AN_Web.pdf\" target=\"_blank\" rel=\"noopener noreferrer\">Alter ego \u2013 Guide for precarious status employees<\/a>\r\n\r\n<a href=\"https:\/\/calcul.beneva.ca\/en\/alter-ego\" target=\"_blank\" rel=\"noopener noreferrer\">Premiums Calculator Tool<\/a>","couleur":""}]},"_links":{"self":[{"href":"https:\/\/fpss.lacsq.org\/en\/wp-json\/wp\/v2\/pages\/2873","targetHints":{"allow":["GET"]}}],"collection":[{"href":"https:\/\/fpss.lacsq.org\/en\/wp-json\/wp\/v2\/pages"}],"about":[{"href":"https:\/\/fpss.lacsq.org\/en\/wp-json\/wp\/v2\/types\/page"}],"author":[{"embeddable":true,"href":"https:\/\/fpss.lacsq.org\/en\/wp-json\/wp\/v2\/users\/98"}],"replies":[{"embeddable":true,"href":"https:\/\/fpss.lacsq.org\/en\/wp-json\/wp\/v2\/comments?post=2873"}],"version-history":[{"count":2,"href":"https:\/\/fpss.lacsq.org\/en\/wp-json\/wp\/v2\/pages\/2873\/revisions"}],"predecessor-version":[{"id":2875,"href":"https:\/\/fpss.lacsq.org\/en\/wp-json\/wp\/v2\/pages\/2873\/revisions\/2875"}],"up":[{"embeddable":true,"href":"https:\/\/fpss.lacsq.org\/en\/wp-json\/wp\/v2\/pages\/338"}],"wp:attachment":[{"href":"https:\/\/fpss.lacsq.org\/en\/wp-json\/wp\/v2\/media?parent=2873"}],"curies":[{"name":"wp","href":"https:\/\/api.w.org\/{rel}","templated":true}]}}